{"id":12,"date":"2015-10-05T11:10:13","date_gmt":"2015-10-05T09:10:13","guid":{"rendered":"http:\/\/www.sabinezimmer.de\/?page_id=12"},"modified":"2020-07-13T16:31:54","modified_gmt":"2020-07-13T14:31:54","slug":"home","status":"publish","type":"page","link":"https:\/\/www.sabinezimmer.de\/","title":{"rendered":"&#8230; Mein Thema ist die Freiheit der Improvisation und die Klangf\u00fclle der Kammermusik&#8230;"},"content":{"rendered":"\n<div class=\"wp-block-image\"><figure class=\"aligncenter size-large\"><img loading=\"lazy\" decoding=\"async\" width=\"1024\" height=\"667\" data-attachment-id=\"1267\" data-permalink=\"https:\/\/www.sabinezimmer.de\/img_0021-2\/\" data-orig-file=\"https:\/\/www.sabinezimmer.de\/wp-content\/uploads\/2020\/07\/IMG_0021.jpeg\" data-orig-size=\"2158,1405\" data-comments-opened=\"1\" data-image-meta=\"{&quot;aperture&quot;:&quot;2.8&quot;,&quot;credit&quot;:&quot;&quot;,&quot;camera&quot;:&quot;NIKON D3X&quot;,&quot;caption&quot;:&quot;&quot;,&quot;created_timestamp&quot;:&quot;1298290209&quot;,&quot;copyright&quot;:&quot;&quot;,&quot;focal_length&quot;:&quot;50&quot;,&quot;iso&quot;:&quot;250&quot;,&quot;shutter_speed&quot;:&quot;0.01&quot;,&quot;title&quot;:&quot;&quot;,&quot;orientation&quot;:&quot;0&quot;}\" data-image-title=\"portrait home sabine zimmer\" data-image-description=\"\" data-image-caption=\"\" data-medium-file=\"https:\/\/www.sabinezimmer.de\/wp-content\/uploads\/2020\/07\/IMG_0021-300x195.jpeg\" data-large-file=\"https:\/\/www.sabinezimmer.de\/wp-content\/uploads\/2020\/07\/IMG_0021-1024x667.jpeg\" src=\"https:\/\/www.sabinezimmer.de\/wp-content\/uploads\/2020\/07\/IMG_0021-1024x667.jpeg\" alt=\"\" class=\"wp-image-1267\" srcset=\"https:\/\/www.sabinezimmer.de\/wp-content\/uploads\/2020\/07\/IMG_0021-1024x667.jpeg 1024w, https:\/\/www.sabinezimmer.de\/wp-content\/uploads\/2020\/07\/IMG_0021-300x195.jpeg 300w, https:\/\/www.sabinezimmer.de\/wp-content\/uploads\/2020\/07\/IMG_0021-1536x1000.jpeg 1536w, https:\/\/www.sabinezimmer.de\/wp-content\/uploads\/2020\/07\/IMG_0021-2048x1333.jpeg 2048w, https:\/\/www.sabinezimmer.de\/wp-content\/uploads\/2020\/07\/IMG_0021-922x600.jpeg 922w, https:\/\/www.sabinezimmer.de\/wp-content\/uploads\/2020\/07\/IMG_0021-960x625.jpeg 960w, https:\/\/www.sabinezimmer.de\/wp-content\/uploads\/2020\/07\/IMG_0021-1843x1200.jpeg 1843w\" sizes=\"auto, (max-width: 1024px) 100vw, 1024px\" \/><\/figure><\/div>\n\n\n<p>\u00a0<\/p>\n<p style=\"text-align: center;\">Im musikalischen Schaffen von Sabine Zimmer geht es immer um den einmaligen Moment \u2013\u00a0 im \u00fcberregional konzertierenden Improvisations-Ensemble \u201eTransformer\u201c oder der Duo-Formation \u201ePianoManie\u201c ebenso wie im \u201eBrandt-Zimmer-Duo\u201c der klassischen Kammermusikerin. Doch besonders ausgepr\u00e4gt kommt die Passion f\u00fcr die absolute Pr\u00e4senz im musikalischen Augenblick in ihren improvisierenden Stummfilm-Vertonungen zum Tragen: im Zusammenspiel mit bewegtem Licht auf der Leinwand. Deutschlandweit ist Sabine Zimmer auf diesem Gebiet als gefragte Spezialistin t\u00e4tig, u.a. beim Stummfilmfestival in Karlsruhe, in den Filmmuseen D\u00fcsseldorf, Potsdam und in Berlin. <a href=\"https:\/\/www.sabinezimmer.de\/index.php\/vita\/\">Mehr\/More<\/a><\/p>\n<p>\u00a0<\/p>\n\n\n<p><\/p>\n","protected":false},"excerpt":{"rendered":"<p>\u00a0 Im musikalischen Schaffen von Sabine Zimmer geht es immer um den einmaligen Moment \u2013\u00a0 im \u00fcberregional konzertierenden Improvisations-Ensemble \u201eTransformer\u201c oder der Duo-Formation \u201ePianoManie\u201c ebenso wie im \u201eBrandt-Zimmer-Duo\u201c der klassischen Kammermusikerin. Doch besonders ausgepr\u00e4gt kommt die Passion f\u00fcr die absolute Pr\u00e4senz im musikalischen Augenblick in ihren improvisierenden Stummfilm-Vertonungen zum Tragen: im Zusammenspiel mit bewegtem Licht [&hellip;]<\/p>\n","protected":false},"author":1,"featured_media":0,"parent":0,"menu_order":0,"comment_status":"closed","ping_status":"closed","template":"","meta":{"footnotes":""},"class_list":{"0":"post-12","1":"page","2":"type-page","3":"status-publish","5":"entry"},"aioseo_notices":[],"jetpack_sharing_enabled":true,"_links":{"self":[{"href":"https:\/\/www.sabinezimmer.de\/index.php\/wp-json\/wp\/v2\/pages\/12","targetHints":{"allow":["GET"]}}],"collection":[{"href":"https:\/\/www.sabinezimmer.de\/index.php\/wp-json\/wp\/v2\/pages"}],"about":[{"href":"https:\/\/www.sabinezimmer.de\/index.php\/wp-json\/wp\/v2\/types\/page"}],"author":[{"embeddable":true,"href":"https:\/\/www.sabinezimmer.de\/index.php\/wp-json\/wp\/v2\/users\/1"}],"replies":[{"embeddable":true,"href":"https:\/\/www.sabinezimmer.de\/index.php\/wp-json\/wp\/v2\/comments?post=12"}],"version-history":[{"count":63,"href":"https:\/\/www.sabinezimmer.de\/index.php\/wp-json\/wp\/v2\/pages\/12\/revisions"}],"predecessor-version":[{"id":1299,"href":"https:\/\/www.sabinezimmer.de\/index.php\/wp-json\/wp\/v2\/pages\/12\/revisions\/1299"}],"wp:attachment":[{"href":"https:\/\/www.sabinezimmer.de\/index.php\/wp-json\/wp\/v2\/media?parent=12"}],"curies":[{"name":"wp","href":"https:\/\/api.w.org\/{rel}","templated":true}]}}