{"id":18,"date":"2015-10-05T11:28:03","date_gmt":"2015-10-05T09:28:03","guid":{"rendered":"http:\/\/www.sabinezimmer.de\/?page_id=18"},"modified":"2018-03-06T14:23:29","modified_gmt":"2018-03-06T13:23:29","slug":"recital","status":"publish","type":"page","link":"https:\/\/www.sabinezimmer.de\/index.php\/recital\/","title":{"rendered":"Solo-Programme"},"content":{"rendered":"<blockquote>\n<h5>&#8220; Ausdrucksvoll, leidenschaftlich und mit perfekter Technik &#8230; Nach dem umfangreichen und schwer zu spielenden Programm&#8230;erfreute sie das Publikum noch mit eigenen Improvisationen.&#8220;<\/h5>\n<\/blockquote>\n<h2>VERGANGENES trifft auf NEUES &#8211; BEKANNTES auf UNGEH\u00d6RTES<\/h2>\n<p>Bei den Recital Soloprogrammen steht ein \u00fcbergreifendes Motiv im Vordergrund. Die Auswahl der St\u00fccke orientiert sich an einem thematischen Zusammenhang, welcher sich wie ein &#8222;roter Faden&#8220; durch den Klavierabend zieht. Es entsteht eine Verbindung zwischen \u00e4lteren bekannteren Werken auf der einen Seite und etwas Unbekanntem oder Neuen auf der anderen Seite.<\/p>\n<p>Ich erz\u00e4hle dem Publikum interessante Zusammenh\u00e4nge, Anekdoten und musikgeschichtliche Hintergr\u00fcnde, die weitere Aspekte aufzeigen und durch das Programm leiten. Klaviermusik in Wort und Klang.<\/p>\n<h3>SILENT SONGS<\/h3>\n<p>Klaviermusik der Stille. Melodien, die den Gedanken freien Lauf lassen &#8211; zum Ankommen, Entspannen, Tr\u00e4umen und Konzentrieren. Minimal Music trifft auf harmonische Klangweiten.<br \/>\nWerke von ARVO P\u00c4RT \/ PHILIPP GLASS \/ ERIK SATIE u.a.<\/p>\n<h3>MOND UND LUFT<\/h3>\n<p>Der Klang des Mondes und die musikalischen Gestalten der Luft im Spiegel des romantischen Klavierrepertoires.<br \/>\nBEETHOVEN: Mondscheinsonate; Sturmsonate \/ DEBUSSY: &#8222;Clair de Lune&#8220; \/ SCHUMANN: &#8222;Papillons&#8220; \/ IMPROVISATIONEN: Wind und Regen<\/p>\n<h3>FANTASTISCH<\/h3>\n<p>Ein Programm auf der Spurensuche nach dem Improvisatorischen in der Musik. Fantasien und Pr\u00e4ludien vom Barock bis heute.<br \/>\nJ.S. BACH: Zwei Fantasien a-moll; G-dur \/ MOZART: Fantasie d-moll \/ CHOPIN: Fantasie f-moll; Prelude e-moll \/ A. SCHNITTKE: Sechs Pr\u00e4ludien; Improvisation und Fuge \/ J. CORIGLIANO: Fantasia on an Ostinato<\/p>\n<h3>IN FR\u00dcHER ERINNERUNG<\/h3>\n<p>Ein Programm mit Werken voll jugendlichem Elan, Sturm und Drang und Szenen der Kindheit.<br \/>\nC. Corea: Auswahl aus &#8222;Children Songs&#8220; \/ Schumann: Auswahl aus &#8222;Kinderszenen&#8220; \/ Chopin: Jugendwerke; verschiedene St\u00fccke voll Esprit \/ Beethoven: Sonate &#8222;der Sturm&#8220;<\/p>\n<p>&nbsp;<\/p>\n<p>&nbsp;<\/p>\n","protected":false},"excerpt":{"rendered":"<p>&#8220; Ausdrucksvoll, leidenschaftlich und mit perfekter Technik &#8230; Nach dem umfangreichen und schwer zu spielenden Programm&#8230;erfreute sie das Publikum noch mit eigenen Improvisationen.&#8220; VERGANGENES trifft auf NEUES &#8211; BEKANNTES auf UNGEH\u00d6RTES Bei den Recital Soloprogrammen steht ein \u00fcbergreifendes Motiv im Vordergrund. Die Auswahl der St\u00fccke orientiert sich an einem thematischen Zusammenhang, welcher sich wie ein [&hellip;]<\/p>\n","protected":false},"author":1,"featured_media":0,"parent":0,"menu_order":0,"comment_status":"closed","ping_status":"closed","template":"templates\/full-width.php","meta":{"footnotes":""},"class_list":{"0":"post-18","1":"page","2":"type-page","3":"status-publish","5":"entry"},"aioseo_notices":[],"jetpack_sharing_enabled":true,"_links":{"self":[{"href":"https:\/\/www.sabinezimmer.de\/index.php\/wp-json\/wp\/v2\/pages\/18","targetHints":{"allow":["GET"]}}],"collection":[{"href":"https:\/\/www.sabinezimmer.de\/index.php\/wp-json\/wp\/v2\/pages"}],"about":[{"href":"https:\/\/www.sabinezimmer.de\/index.php\/wp-json\/wp\/v2\/types\/page"}],"author":[{"embeddable":true,"href":"https:\/\/www.sabinezimmer.de\/index.php\/wp-json\/wp\/v2\/users\/1"}],"replies":[{"embeddable":true,"href":"https:\/\/www.sabinezimmer.de\/index.php\/wp-json\/wp\/v2\/comments?post=18"}],"version-history":[{"count":16,"href":"https:\/\/www.sabinezimmer.de\/index.php\/wp-json\/wp\/v2\/pages\/18\/revisions"}],"predecessor-version":[{"id":554,"href":"https:\/\/www.sabinezimmer.de\/index.php\/wp-json\/wp\/v2\/pages\/18\/revisions\/554"}],"wp:attachment":[{"href":"https:\/\/www.sabinezimmer.de\/index.php\/wp-json\/wp\/v2\/media?parent=18"}],"curies":[{"name":"wp","href":"https:\/\/api.w.org\/{rel}","templated":true}]}}