{"id":977,"date":"2020-06-18T13:08:53","date_gmt":"2020-06-18T11:08:53","guid":{"rendered":"https:\/\/www.sabinezimmer.de\/?page_id=977"},"modified":"2020-08-03T17:45:43","modified_gmt":"2020-08-03T15:45:43","slug":"pianomanie-4","status":"publish","type":"page","link":"https:\/\/www.sabinezimmer.de\/index.php\/pianomanie-4\/","title":{"rendered":"PianoManie"},"content":{"rendered":"\n<p>Wer die Form beherrscht, kann mit ihr spielen! Mit dieser Devise st\u00fcrzen sich die beiden Pianistinnen Susanne Unger und Sabine Zimmer ins musikalische Geschehen, immer wieder von Neuem, aus dem Moment heraus. Ohne Netz und doppelten Boden, risikofreudig und frei. Dabei haben die virtuosen Musikerinnen die ganze F\u00fclle der klassichen Musik, \u00fcber die Moderne bis hin zur Gegenwart, mit im Gep\u00e4ck. Inspiriert durch alles was klingt, flie\u00dft Musikgeschichte durch ihre 20 Finger und vergegenw\u00e4rtigt sich in den fasziniierenden Klangwelten von &#8222;PianoManie&#8220;. 4 H\u00e4nde &#8211; 2 K\u00f6pfe &#8211; 1 Klang: Auf der Grundlage einer gemeinsamen Idee, eines musikalischen Themas oder auch nur eines Akkords sprengt das Duo konsequent alle Genregrenzen und \u00fcberrascht mit immer neuer Originalit\u00e4t.<\/p>\n\n\n\n<hr class=\"wp-block-separator has-text-color has-background\" style=\"background-color:#f08d66;color:#f08d66\"\/>\n\n\n\n<p>Those who have mastered the form can play with it.&#8220;PianoManie&#8220; is unique &#8211; it is a piano duo, that improvises. Playing with risk, without fall protection, but 100 percent authentic music &#8211; these are the pianists Susanne Unger &amp; Sabine Zimmer: with classical background and inspired by everything that sounds. The duo consistently breaks genre borders, the classic four-hand repertoire meets improvisation. 4 hands &#8211; 2 heads &#8211; 1 sound. The common freedom of playing piano, that is magical. &#8222;We improvise completely free together on the piano. Our roots &#8211; this is the full range of classical music, to modern music and to the current situation. We bundle the history and continue on our way.&#8220; Improvisation. The base is a special idea, a theme or accord. The intersection are musical preferences, from which a piece is just born spontaneously.<\/p>\n\n\n\n<div class=\"wp-block-buttons alignright is-layout-flex wp-block-buttons-is-layout-flex\"><\/div>\n\n\n\n<div class=\"wp-block-file\"><a href=\"https:\/\/www.sabinezimmer.de\/wp-content\/uploads\/2020\/06\/press-PianoManie-deu.pdf\"><span style=\"color:#f08d66\" class=\"has-inline-color\">press-PianoManie-deu<\/span><\/a><a href=\"https:\/\/www.sabinezimmer.de\/wp-content\/uploads\/2020\/06\/press-PianoManie-deu.pdf\" class=\"wp-block-file__button\" download><span style=\"color:#f08d66\" class=\"has-inline-color\">Herunterladen<\/span><\/a><\/div>\n\n\n\n<div class=\"wp-block-buttons alignright is-layout-flex wp-block-buttons-is-layout-flex\">\n<div class=\"wp-block-button\"><a class=\"wp-block-button__link has-text-color has-very-light-gray-color has-background has-very-light-gray-background-color\" href=\"https:\/\/www.sabinezimmer.de\/index.php\/ensembles\/\" rel=\"collaboration\"><span style=\"color:#f08d66\" class=\"has-inline-color\">zur\u00fcck \/ back<\/span><\/a><\/div>\n<\/div>\n\n\n\n<p><\/p>\n\n\n\n<div style=\"height:100px\" aria-hidden=\"true\" class=\"wp-block-spacer\"><\/div>\n\n\n\n<p><\/p>\n","protected":false},"excerpt":{"rendered":"<p>Wer die Form beherrscht, kann mit ihr spielen! Mit dieser Devise st\u00fcrzen sich die beiden Pianistinnen Susanne Unger und Sabine Zimmer ins musikalische Geschehen, immer wieder von Neuem, aus dem Moment heraus. Ohne Netz und doppelten Boden, risikofreudig und frei. Dabei haben die virtuosen Musikerinnen die ganze F\u00fclle der klassichen Musik, \u00fcber die Moderne bis [&hellip;]<\/p>\n","protected":false},"author":1,"featured_media":0,"parent":0,"menu_order":0,"comment_status":"closed","ping_status":"closed","template":"","meta":{"footnotes":""},"class_list":{"0":"post-977","1":"page","2":"type-page","3":"status-publish","5":"entry"},"aioseo_notices":[],"jetpack_sharing_enabled":true,"_links":{"self":[{"href":"https:\/\/www.sabinezimmer.de\/index.php\/wp-json\/wp\/v2\/pages\/977","targetHints":{"allow":["GET"]}}],"collection":[{"href":"https:\/\/www.sabinezimmer.de\/index.php\/wp-json\/wp\/v2\/pages"}],"about":[{"href":"https:\/\/www.sabinezimmer.de\/index.php\/wp-json\/wp\/v2\/types\/page"}],"author":[{"embeddable":true,"href":"https:\/\/www.sabinezimmer.de\/index.php\/wp-json\/wp\/v2\/users\/1"}],"replies":[{"embeddable":true,"href":"https:\/\/www.sabinezimmer.de\/index.php\/wp-json\/wp\/v2\/comments?post=977"}],"version-history":[{"count":26,"href":"https:\/\/www.sabinezimmer.de\/index.php\/wp-json\/wp\/v2\/pages\/977\/revisions"}],"predecessor-version":[{"id":1343,"href":"https:\/\/www.sabinezimmer.de\/index.php\/wp-json\/wp\/v2\/pages\/977\/revisions\/1343"}],"wp:attachment":[{"href":"https:\/\/www.sabinezimmer.de\/index.php\/wp-json\/wp\/v2\/media?parent=977"}],"curies":[{"name":"wp","href":"https:\/\/api.w.org\/{rel}","templated":true}]}}